{"id":434,"date":"2023-10-19T12:52:25","date_gmt":"2023-10-19T12:52:25","guid":{"rendered":"https:\/\/gutsnvalues.nl\/?page_id=434"},"modified":"2024-11-13T11:09:26","modified_gmt":"2024-11-13T11:09:26","slug":"wat-hebben-we-al-gedaan","status":"publish","type":"page","link":"https:\/\/gutsnvalues.nl\/en\/wat-hebben-we-al-gedaan\/","title":{"rendered":"Wat hebben we al gedaan?"},"content":{"rendered":"<div data-colibri-id=\"434-c1\" class=\"style-426 style-local-434-c1 position-relative\">\n  <!----><\/p>\n<div data-colibri-component=\"section\" data-colibri-id=\"434-c2\" id=\"custom\" class=\"h-section h-section-global-spacing d-flex align-items-lg-center align-items-md-center align-items-center style-473 style-local-434-c2 position-relative\">\n    <!----><br \/>\n    <!----><\/p>\n<div class=\"h-section-grid-container h-section-boxed-container\">\n      <!----><\/p>\n<div data-colibri-id=\"434-c3\" class=\"h-row-container gutters-row-lg-2 gutters-row-md-2 gutters-row-0 gutters-row-v-lg-2 gutters-row-v-md-2 gutters-row-v-2 style-477 style-local-434-c3 position-relative\">\n        <!----><\/p>\n<div class=\"h-row justify-content-lg-center justify-content-md-center justify-content-center align-items-lg-stretch align-items-md-stretch align-items-stretch gutters-col-lg-2 gutters-col-md-2 gutters-col-0 gutters-col-v-lg-2 gutters-col-v-md-2 gutters-col-v-2\">\n          <!----><\/p>\n<div class=\"h-column h-column-container d-flex h-col-lg-auto h-col-md-auto h-col-auto style-478-outer style-local-434-c4-outer\">\n<div data-colibri-id=\"434-c4\" class=\"d-flex h-flex-basis h-column__inner h-px-lg-2 h-px-md-2 h-px-2 v-inner-lg-2 v-inner-md-2 v-inner-2 style-478 style-local-434-c4 position-relative\">\n              <!----><br \/>\n              <!----><\/p>\n<div class=\"w-100 h-y-container h-column__content h-column__v-align flex-basis-100 align-self-lg-start align-self-md-start align-self-start\">\n                <!----><\/p>\n<div data-colibri-id=\"434-c5\" class=\"h-text h-text-component style-479 style-local-434-c5 position-relative h-element\">\n                  <!----><br \/>\n                  <!----><\/p>\n<div class=\"\">\n<p>Guts &#8217;n Values heeft al op meerdere plekken een bijdrage mogen leveren. Daarbij is altijd gebruik gemaakt van de theorie en modellen op basis van de Public Value Scorecard (Meynhardt 2015). <\/p>\n<p>In het kader van privacy zijn de namen van de organisaties geanonimiseerd.&nbsp;<\/p>\n<\/p><\/div>\n<\/p><\/div>\n<\/p><\/div>\n<\/p><\/div>\n<\/p><\/div>\n<\/p><\/div>\n<\/p><\/div>\n<\/p><\/div>\n<\/p><\/div>\n<div data-colibri-component=\"section\" data-colibri-id=\"434-c6\" id=\"content\" class=\"h-section h-section-global-spacing d-flex align-items-lg-center align-items-md-center align-items-center style-440 style-local-434-c6 position-relative\">\n    <!----><br \/>\n    <!----><\/p>\n<div class=\"h-section-grid-container h-section-fluid-container\">\n      <!----><\/p>\n<div data-colibri-id=\"434-c7\" class=\"h-row-container gutters-row-lg-0 gutters-row-md-0 gutters-row-2 gutters-row-v-lg-0 gutters-row-v-md-0 gutters-row-v-2 style-441 style-local-434-c7 position-relative\">\n        <!----><\/p>\n<div class=\"h-row justify-content-lg-center justify-content-md-center justify-content-center align-items-lg-stretch align-items-md-stretch align-items-stretch gutters-col-lg-0 gutters-col-md-0 gutters-col-2 gutters-col-v-lg-0 gutters-col-v-md-0 gutters-col-v-2\">\n          <!----><\/p>\n<div class=\"h-column h-column-container d-flex h-col-lg-auto h-col-md-auto h-col-auto style-442-outer style-local-434-c8-outer\">\n<div data-colibri-id=\"434-c8\" class=\"d-flex h-flex-basis h-column__inner h-px-lg-0 h-px-md-0 h-px-0 v-inner-lg-0 v-inner-md-0 v-inner-0 style-442 style-local-434-c8 position-relative\">\n              <!----><br \/>\n              <!----><\/p>\n<div class=\"w-100 h-y-container h-column__content h-column__v-align flex-basis-100 align-self-lg-start align-self-md-start align-self-start\">\n                <!----><\/p>\n<div data-colibri-id=\"434-c9\" class=\"h-global-transition-all h-heading style-444 style-local-434-c9 position-relative h-element\">\n                  <!----><\/p>\n<div class=\"h-heading__outer style-444 style-local-434-c9\">\n                    <!----><br \/>\n                    <!----><\/p>\n<h3 class=\"\">Grote haven Nederland<\/h3>\n<\/p><\/div>\n<\/p><\/div>\n<div data-colibri-id=\"434-c10\" class=\"h-text h-text-component style-445 style-local-434-c10 position-relative h-element\">\n                  <!----><br \/>\n                  <!----><\/p>\n<div class=\"\">\n<p>De directie van een grote haven in Nederland was op zoek naar andere manieren om projectvoorstellen te beoordelen. Deze projectvoorstellen waren miljoenen euro\u2019s groot en hadden effect op zowel de haven als de omgeving. S<span style=\"font-weight: 400; font-size: 16px; font-family: Lato; color: rgb(153, 153, 153);\">amenwerking in het project was essentieel. Beoordeling&nbsp;<\/span>werd<br \/>\n                      alleen gedaan op basis van financi\u00eble KPI\u2019s, maar dat bleek in de praktijk niet altijd voldoende te zijn.<\/p>\n<p>Met behulp van Guts &#8217;n Values hebben zij een andere beoordelingsmethodiek gebruikt. Het belangrijkste verschil was dat alle partijen rondom een projectvoorstel betrokken werden. Zowel van binnen als van buiten de organisatie. Wanneer<br \/>\n                      voor alle betrokkenen het projectvoorstel duidelijk was werd door hen een korte vragenlijst ingevuld. De uitkomsten maakten duidelijk waar de betrokkenen de kansen en de risico\u2019s zagen van het projectvoorstel.<\/p>\n<p>De betrokkenen zijn in dialoog met elkaar gegaan en hebben op voorhand met elkaar bepaald hoe men de risico\u2019s zag en hoe deze beheerst konden worden \u00e9n hoe de kansen optimaal benut konden worden.&nbsp;<\/p>\n<p>In gezamenlijkheid hebben zij gewerkt aan verbinding, connectie, cohesie, harmonie, draagvlak, gezamenlijkheid, toekomst en legitimiteit. Mede hierdoor is het project een succes geworden.<\/p>\n<\/p><\/div>\n<\/p><\/div>\n<\/p><\/div>\n<\/p><\/div>\n<\/p><\/div>\n<div class=\"h-column h-column-container d-flex h-col-lg-auto h-col-md-auto h-col-auto style-450-outer style-local-434-c11-outer\">\n<div data-colibri-id=\"434-c11\" class=\"d-flex h-flex-basis h-column__inner h-ui-empty-state-container h-px-lg-0 h-px-md-0 h-px-0 v-inner-lg-0 v-inner-md-0 v-inner-0 style-450 style-local-434-c11 position-relative\">\n              <!----><br \/>\n              <!----><\/p>\n<div class=\"w-100 h-y-container h-column__content h-column__v-align flex-basis-100\">\n                <!---->\n              <\/div>\n<\/p><\/div>\n<\/p><\/div>\n<\/p><\/div>\n<\/p><\/div>\n<\/p><\/div>\n<\/p><\/div>\n<div data-colibri-component=\"section\" data-colibri-id=\"434-c12\" id=\"content-2\" class=\"h-section h-section-global-spacing d-flex align-items-lg-center align-items-md-center align-items-center style-451 style-local-434-c12 h-overflow-hidden position-relative\">\n    <!----><br \/>\n    <!----><\/p>\n<div class=\"h-section-grid-container h-section-fluid-container\">\n      <!----><\/p>\n<div data-colibri-id=\"434-c13\" class=\"h-row-container gutters-row-lg-0 gutters-row-md-0 gutters-row-2 gutters-row-v-lg-0 gutters-row-v-md-0 gutters-row-v-2 style-452 style-local-434-c13 position-relative\">\n        <!----><\/p>\n<div class=\"h-row justify-content-lg-center justify-content-md-center justify-content-center align-items-lg-stretch align-items-md-stretch align-items-stretch gutters-col-lg-0 gutters-col-md-0 gutters-col-2 gutters-col-v-lg-0 gutters-col-v-md-0 gutters-col-v-2\">\n          <!----><\/p>\n<div class=\"h-column h-column-container d-flex h-col-lg-auto h-col-md-auto h-col-auto style-453-outer style-local-434-c14-outer\">\n<div data-colibri-id=\"434-c14\" class=\"d-flex h-flex-basis h-column__inner h-ui-empty-state-container h-px-lg-0 h-px-md-0 h-px-0 v-inner-lg-0 v-inner-md-0 v-inner-0 style-453 style-local-434-c14 position-relative\">\n              <!----><br \/>\n              <!----><\/p>\n<div class=\"w-100 h-y-container h-column__content h-column__v-align flex-basis-100\">\n                <!---->\n              <\/div>\n<\/p><\/div>\n<\/p><\/div>\n<div class=\"h-column h-column-container d-flex h-col-lg-auto h-col-md-auto h-col-auto style-454-outer style-local-434-c15-outer\">\n<div data-colibri-id=\"434-c15\" class=\"d-flex h-flex-basis h-column__inner h-px-lg-0 h-px-md-0 h-px-0 v-inner-lg-0 v-inner-md-0 v-inner-0 style-454 style-local-434-c15 position-relative\">\n              <!----><br \/>\n              <!----><\/p>\n<div class=\"w-100 h-y-container h-column__content h-column__v-align flex-basis-100 align-self-lg-start align-self-md-start align-self-start\">\n                <!----><\/p>\n<div data-colibri-id=\"434-c16\" class=\"h-global-transition-all h-heading style-456 style-local-434-c16 position-relative h-element\">\n                  <!----><\/p>\n<div class=\"h-heading__outer style-456 style-local-434-c16\">\n                    <!----><br \/>\n                    <!----><\/p>\n<h3 class=\"\">Gemeente Barreiro (Portugal)<\/h3>\n<\/p><\/div>\n<\/p><\/div>\n<div data-colibri-id=\"434-c17\" class=\"h-text h-text-component style-457 style-local-434-c17 position-relative h-element\">\n                  <!----><br \/>\n                  <!----><\/p>\n<div class=\"\">\n<p>De gemeente Barreiro in Portugal ligt aan de Taag maar 15 minuten varen van Lissabon. De stad liep langzaam leeg. Steeds meer inwoners vertrokken om in andere plaatsen hun geluk te vinden. De gemeente wilde het probleem oplossen, maar<br \/>\n                      werkte vanuit haar eigen rol en idee\u00ebn en betrok de omgeving daar niet bij.<\/p>\n<p>Samen met de gemeente heeft Guts &#8217;n Values een sessie voorbereid en georganiseerd waar naast de gemeente ook burgers en (grote) ondernemers aanwezig waren. Tijdens deze sessie werd eerst de \u2018kou uit de lucht\u2019 gehaald en gevraagd waarom<br \/>\n                      men aanwezig was. Belangrijk is dat op voorhand duidelijk werd gemaakt dat er geen onderscheid werd gemaakt in rangen, rollen of organisaties. Iedereen werd gelijkwaardig behandeld en iedere mening telde even zwaar.<\/p>\n<p>Met elkaar hebben zij gekeken naar wat nu precies het probleem is en waarom dat een probleem van hen allemaal is. Het leeglopen van een gemeente qua inwoners heeft effect op alle partijen. Vanuit het probleem is de groep verdeeld in<br \/>\n                      subgroepen met in iedere groep minstens \u00e9\u00e9n vertegenwoordiger van&nbsp;de gemeente, de burgers \u00e9n de ondernemers. Iedere groep kreeg de opdracht te zoeken naar een gezamenlijke oplossing, die op korte termijn ge\u00efmplementeerd kon<br \/>\n                      worden.<\/p>\n<p>Vanuit de groepen kwamen verschillende initiatieven. Alle&nbsp;aanwezigen hebben deze gescoord op de Public Value Scorecard. Deze scorecard bracht voor de initiatieven de kansen en risico\u2019s in beeld voor nu, de korte en de lange termijn.<br \/>\n                      Met elkaar hebben zij de dialoog gevoerd over ieder initiatief en gezamenlijk gekozen voor \u00e9\u00e9n oplossing, die kort daarna is ge\u00efmplementeerd. Het initiatief heeft de jaren erna succesvol bijgedragen aan de ontwikkeling van de gemeente<br \/>\n                      Barreiro.<\/p>\n<p>In gezamenlijkheid hebben zij gewerkt aan verbinding, connectie, cohesie, harmonie, draagvlak, gezamenlijkheid, toekomst en legitimiteit, waardoor de oplossing een succes is geworden.<\/p>\n<p>Deze casestudy is ook gepubliceerd:&nbsp;&nbsp;<br \/>\n                      <br \/>Nijeboer, G. (2019). <em>Putting the system in a room: the public value scorecard as a connection framework<\/em>. In Public Value (pp. 109-121). Routledge.<\/p>\n<\/p><\/div>\n<\/p><\/div>\n<\/p><\/div>\n<\/p><\/div>\n<\/p><\/div>\n<\/p><\/div>\n<\/p><\/div>\n<\/p><\/div>\n<\/p><\/div>\n<div data-colibri-component=\"section\" data-colibri-id=\"434-c18\" id=\"content-3\" class=\"h-section h-section-global-spacing d-flex align-items-lg-center align-items-md-center align-items-center style-462 style-local-434-c18 position-relative\">\n    <!----><br \/>\n    <!----><\/p>\n<div class=\"h-section-grid-container h-section-fluid-container\">\n      <!----><\/p>\n<div data-colibri-id=\"434-c19\" class=\"h-row-container gutters-row-lg-0 gutters-row-md-0 gutters-row-2 gutters-row-v-lg-0 gutters-row-v-md-0 gutters-row-v-2 style-463 style-local-434-c19 position-relative\">\n        <!----><\/p>\n<div class=\"h-row justify-content-lg-center justify-content-md-center justify-content-center align-items-lg-stretch align-items-md-stretch align-items-stretch gutters-col-lg-0 gutters-col-md-0 gutters-col-2 gutters-col-v-lg-0 gutters-col-v-md-0 gutters-col-v-2\">\n          <!----><\/p>\n<div class=\"h-column h-column-container d-flex h-col-lg-auto h-col-md-auto h-col-auto style-464-outer style-local-434-c20-outer\">\n<div data-colibri-id=\"434-c20\" class=\"d-flex h-flex-basis h-column__inner h-px-lg-0 h-px-md-0 h-px-0 v-inner-lg-0 v-inner-md-0 v-inner-0 style-464 style-local-434-c20 position-relative\">\n              <!----><br \/>\n              <!----><\/p>\n<div class=\"w-100 h-y-container h-column__content h-column__v-align flex-basis-100 align-self-lg-start align-self-md-start align-self-start\">\n                <!----><\/p>\n<div data-colibri-id=\"434-c21\" class=\"h-global-transition-all h-heading style-466 style-local-434-c21 position-relative h-element\">\n                  <!----><\/p>\n<div class=\"h-heading__outer style-466 style-local-434-c21\">\n                    <!----><br \/>\n                    <!----><\/p>\n<h3 class=\"\">Internationaal opererende stichting<\/h3>\n<\/p><\/div>\n<\/p><\/div>\n<div data-colibri-id=\"434-c22\" class=\"h-text h-text-component style-467 style-local-434-c22 position-relative h-element\">\n                  <!----><br \/>\n                  <!----><\/p>\n<div class=\"\">\n<p>Deze internationaal opererende stichting is een initiatief van werkgeversorganisaties VNO-NCW en MKB-Nederland met als doel Nederlandse handel in en met het buitenland te stimuleren. Om dit doel te realiseren werkt deze stichting nauw<br \/>\n                      samen met publieke partners, brancheverenigingen en het Nederlandse bedrijfsleven. De activiteiten binnen de stichting werden op het moment van onderzoek volledig gesubsidieerd.<\/p>\n<p>De stichting werkt hard aan haar profilering, de maatschappelijke impact die zij kan maken op belangrijke en relevante thema\u2019s en de waarde die zij heeft voor de overheid en het bedrijfsleven. Praten over maatschappelijke impact is<br \/>\n                      gemakkelijk, maar de wens was om de maatschappelijke impact in beeld te brengen, waarbij de wereld om de stichting heen wordt betrokken.<\/p>\n<p>Door gebruik te maken van de public value scan is deze maatschappelijke impact in beeld gebracht, waarbij vooral de input van de wereld om de stichting heen is opgehaald. De scan heeft naast belangrijke input voor bijvoorbeeld de strategie<br \/>\n                      ook geleid tot de dialoog met de wereld om de stichting. De uitkomsten hebben als input gediend voor de subsidieaanvraag en werden heel positief ontvangen door de subsidieverstrekker.<\/p>\n<p>De Public Value Scan is meer dan een scan: de uitkomsten geven handelingsperspectief.<\/p>\n<\/p><\/div>\n<\/p><\/div>\n<\/p><\/div>\n<\/p><\/div>\n<\/p><\/div>\n<div class=\"h-column h-column-container d-flex h-col-lg-auto h-col-md-auto h-col-auto style-472-outer style-local-434-c23-outer\">\n<div data-colibri-id=\"434-c23\" class=\"d-flex h-flex-basis h-column__inner h-ui-empty-state-container h-px-lg-0 h-px-md-0 h-px-0 v-inner-lg-0 v-inner-md-0 v-inner-0 style-472 style-local-434-c23 position-relative\">\n              <!----><br \/>\n              <!----><\/p>\n<div class=\"w-100 h-y-container h-column__content h-column__v-align flex-basis-100\">\n                <!---->\n              <\/div>\n<\/p><\/div>\n<\/p><\/div>\n<\/p><\/div>\n<\/p><\/div>\n<\/p><\/div>\n<\/p><\/div>\n<div data-colibri-component=\"section\" data-colibri-id=\"434-c24\" id=\"content-4\" class=\"h-section h-section-global-spacing d-flex align-items-lg-center align-items-md-center align-items-center style-480 style-local-434-c24 h-overflow-hidden position-relative\">\n    <!----><br \/>\n    <!----><\/p>\n<div class=\"h-section-grid-container h-section-fluid-container\">\n      <!----><\/p>\n<div data-colibri-id=\"434-c25\" class=\"h-row-container gutters-row-lg-0 gutters-row-md-0 gutters-row-2 gutters-row-v-lg-0 gutters-row-v-md-0 gutters-row-v-2 style-481 style-local-434-c25 position-relative\">\n        <!----><\/p>\n<div class=\"h-row justify-content-lg-center justify-content-md-center justify-content-center align-items-lg-stretch align-items-md-stretch align-items-stretch gutters-col-lg-0 gutters-col-md-0 gutters-col-2 gutters-col-v-lg-0 gutters-col-v-md-0 gutters-col-v-2\">\n          <!----><\/p>\n<div class=\"h-column h-column-container d-flex h-col-lg-auto h-col-md-auto h-col-auto style-482-outer style-local-434-c26-outer\">\n<div data-colibri-id=\"434-c26\" class=\"d-flex h-flex-basis h-column__inner h-ui-empty-state-container h-px-lg-0 h-px-md-0 h-px-0 v-inner-lg-0 v-inner-md-0 v-inner-0 style-482 style-local-434-c26 position-relative\">\n              <!----><br \/>\n              <!----><\/p>\n<div class=\"w-100 h-y-container h-column__content h-column__v-align flex-basis-100\">\n                <!---->\n              <\/div>\n<\/p><\/div>\n<\/p><\/div>\n<div class=\"h-column h-column-container d-flex h-col-lg-auto h-col-md-auto h-col-auto style-483-outer style-local-434-c27-outer\">\n<div data-colibri-id=\"434-c27\" class=\"d-flex h-flex-basis h-column__inner h-px-lg-0 h-px-md-0 h-px-0 v-inner-lg-0 v-inner-md-0 v-inner-0 style-483 style-local-434-c27 position-relative\">\n              <!----><br \/>\n              <!----><\/p>\n<div class=\"w-100 h-y-container h-column__content h-column__v-align flex-basis-100 align-self-lg-start align-self-md-start align-self-start\">\n                <!----><\/p>\n<div data-colibri-id=\"434-c28\" class=\"h-global-transition-all h-heading style-485 style-local-434-c28 position-relative h-element\">\n                  <!----><\/p>\n<div class=\"h-heading__outer style-485 style-local-434-c28\">\n                    <!----><br \/>\n                    <!----><\/p>\n<h3 class=\"\">Meerdere consultancybureaus<\/h3>\n<\/p><\/div>\n<\/p><\/div>\n<div data-colibri-id=\"434-c29\" class=\"h-text h-text-component style-486 style-local-434-c29 position-relative h-element\">\n                  <!----><br \/>\n                  <!----><\/p>\n<div class=\"\">\n<p>Voor verschillende (consultancy)bureaus een Public Value Scan uitgevoerd om de impact in beeld te brengen.<\/p>\n<p>Uitkomsten brachten interne en externe dialogen en verdieping op gang. De uitkomsten zijn, op verschillende manieren, voor meerdere doeleinden gebruikt.<\/p>\n<\/p><\/div>\n<\/p><\/div>\n<\/p><\/div>\n<\/p><\/div>\n<\/p><\/div>\n<\/p><\/div>\n<\/p><\/div>\n<\/p><\/div>\n<\/p><\/div>\n<\/div>","protected":false},"excerpt":{"rendered":"<p>Guts &#8217;n Values heeft al op meerdere plekken een bijdrage mogen leveren. Daarbij is altijd gebruik gemaakt van de theorie en modellen op basis van de Public Value Scorecard (Meynhardt 2015). In het kader van privacy zijn de namen van de organisaties geanonimiseerd.&nbsp; Grote haven Nederland De directie van een grote haven in Nederland was [&hellip;]<\/p>\n","protected":false},"author":1,"featured_media":0,"parent":0,"menu_order":0,"comment_status":"closed","ping_status":"closed","template":"page-templates\/full-width-page.php","meta":{"saved_in_kubio":false,"footnotes":""},"class_list":["post-434","page","type-page","status-publish","hentry"],"kubio_ai_page_context":{"short_desc":"","purpose":"general"},"jetpack_sharing_enabled":true,"_links":{"self":[{"href":"https:\/\/gutsnvalues.nl\/en\/wp-json\/wp\/v2\/pages\/434","targetHints":{"allow":["GET"]}}],"collection":[{"href":"https:\/\/gutsnvalues.nl\/en\/wp-json\/wp\/v2\/pages"}],"about":[{"href":"https:\/\/gutsnvalues.nl\/en\/wp-json\/wp\/v2\/types\/page"}],"author":[{"embeddable":true,"href":"https:\/\/gutsnvalues.nl\/en\/wp-json\/wp\/v2\/users\/1"}],"replies":[{"embeddable":true,"href":"https:\/\/gutsnvalues.nl\/en\/wp-json\/wp\/v2\/comments?post=434"}],"version-history":[{"count":9,"href":"https:\/\/gutsnvalues.nl\/en\/wp-json\/wp\/v2\/pages\/434\/revisions"}],"predecessor-version":[{"id":725,"href":"https:\/\/gutsnvalues.nl\/en\/wp-json\/wp\/v2\/pages\/434\/revisions\/725"}],"wp:attachment":[{"href":"https:\/\/gutsnvalues.nl\/en\/wp-json\/wp\/v2\/media?parent=434"}],"curies":[{"name":"wp","href":"https:\/\/api.w.org\/{rel}","templated":true}]}}